{"id":81442,"date":"2025-01-02T17:26:12","date_gmt":"2025-01-03T01:26:12","guid":{"rendered":"https:\/\/www.kyccla.org\/ninos-y-jovenes\/youth-enrollment-page\/"},"modified":"2025-04-11T17:31:35","modified_gmt":"2025-04-12T00:31:35","slug":"pagina-de-inscripcion-para-jovenes","status":"publish","type":"page","link":"https:\/\/www.kyccla.org\/es\/ninos-y-jovenes\/pagina-de-inscripcion-para-jovenes\/","title":{"rendered":"P\u00e1gina de inscripci\u00f3n para j\u00f3venes"},"content":{"rendered":"","protected":false},"excerpt":{"rendered":"","protected":false},"author":3,"featured_media":0,"parent":81324,"menu_order":30,"comment_status":"closed","ping_status":"closed","template":"templates\/flexible-layout.php","meta":{"_acf_changed":false,"footnotes":""},"class_list":["post-81442","page","type-page","status-publish","hentry"],"acf":[],"aioseo_notices":[],"_links":{"self":[{"href":"https:\/\/www.kyccla.org\/es\/wp-json\/wp\/v2\/pages\/81442","targetHints":{"allow":["GET"]}}],"collection":[{"href":"https:\/\/www.kyccla.org\/es\/wp-json\/wp\/v2\/pages"}],"about":[{"href":"https:\/\/www.kyccla.org\/es\/wp-json\/wp\/v2\/types\/page"}],"author":[{"embeddable":true,"href":"https:\/\/www.kyccla.org\/es\/wp-json\/wp\/v2\/users\/3"}],"replies":[{"embeddable":true,"href":"https:\/\/www.kyccla.org\/es\/wp-json\/wp\/v2\/comments?post=81442"}],"version-history":[{"count":0,"href":"https:\/\/www.kyccla.org\/es\/wp-json\/wp\/v2\/pages\/81442\/revisions"}],"up":[{"embeddable":true,"href":"https:\/\/www.kyccla.org\/es\/wp-json\/wp\/v2\/pages\/81324"}],"wp:attachment":[{"href":"https:\/\/www.kyccla.org\/es\/wp-json\/wp\/v2\/media?parent=81442"}],"curies":[{"name":"wp","href":"https:\/\/api.w.org\/{rel}","templated":true}]}}